{"id":47,"date":"2017-06-20T22:33:46","date_gmt":"2017-06-20T22:33:46","guid":{"rendered":"https:\/\/fullseguridad.com\/?page_id=47"},"modified":"2026-03-03T15:14:02","modified_gmt":"2026-03-03T19:14:02","slug":"contactos","status":"publish","type":"page","link":"https:\/\/fullseguridad.com\/?page_id=47","title":{"rendered":"Contactos"},"content":{"rendered":"<p><img loading=\"lazy\" decoding=\"async\" class=\"alignnone size-full wp-image-1168\" src=\"https:\/\/fullseguridad.com\/wp-content\/uploads\/2019\/01\/Contactanos-1.jpg\" alt=\"\" width=\"1772\" height=\"500\" srcset=\"https:\/\/fullseguridad.com\/wp-content\/uploads\/2019\/01\/Contactanos-1.jpg 1772w, https:\/\/fullseguridad.com\/wp-content\/uploads\/2019\/01\/Contactanos-1-300x85.jpg 300w, https:\/\/fullseguridad.com\/wp-content\/uploads\/2019\/01\/Contactanos-1-768x217.jpg 768w, https:\/\/fullseguridad.com\/wp-content\/uploads\/2019\/01\/Contactanos-1-1024x289.jpg 1024w\" sizes=\"auto, (max-width: 1772px) 100vw, 1772px\" \/><\/p>\n<h2 style=\"text-align: center;\"><span style=\"color: #07456f; font-size: 36px;\">\u00bfC\u00f3mo podemos ayudarlo?<\/span><\/h2>\n<p style=\"text-align: center;\"><span style=\"color: #808080;\">Complete el formulario que se encuentra a continuaci\u00f3n y le responderemos a la brevedad. Tambi\u00e9n puede contactarnos a los tel\u00e9fonos correspondientes seg\u00fan su localidad.<\/span><\/p>\n<div class=\"caldera\">\n<div class=\"caldera-grid\" id=\"caldera_form_1\" data-cf-ver=\"1.9.1\" data-cf-form-id=\"CF5c1e9644a1790\"><div id=\"caldera_notices_1\" data-spinner=\"https:\/\/fullseguridad.com\/wp-admin\/images\/spinner.gif\"><\/div><form data-instance=\"1\" class=\"CF5c1e9644a1790 caldera_forms_form cfajax-trigger\" method=\"POST\" enctype=\"multipart\/form-data\" id=\"CF5c1e9644a1790_1\" data-form-id=\"CF5c1e9644a1790\" aria-label=\"Cont&aacute;ctanos\" data-target=\"#caldera_notices_1\" data-template=\"#cfajax_CF5c1e9644a1790-tmpl\" data-cfajax=\"CF5c1e9644a1790\" data-load-element=\"_parent\" data-load-class=\"cf_processing\" data-post-disable=\"0\" data-action=\"cf_process_ajax_submit\" data-request=\"https:\/\/fullseguridad.com\/?cf_api=CF5c1e9644a1790\" data-hiderows=\"true\">\r\n<input type=\"hidden\" id=\"_cf_verify_CF5c1e9644a1790\" name=\"_cf_verify\" value=\"5757a81352\"  data-nonce-time=\"1777666517\" \/><input type=\"hidden\" name=\"_wp_http_referer\" value=\"\/index.php?rest_route=%2Fwp%2Fv2%2Fpages%2F47\" \/><div id=\"cf2-CF5c1e9644a1790_1\"><\/div><input type=\"hidden\" name=\"_cf_frm_id\" value=\"CF5c1e9644a1790\">\r\n<input type=\"hidden\" name=\"_cf_frm_ct\" value=\"1\">\r\n<input type=\"hidden\" name=\"cfajax\" value=\"CF5c1e9644a1790\">\r\n<input type=\"hidden\" name=\"_cf_cr_pst\" value=\"47\">\r\n<div class=\"hide\" style=\"display:none; overflow:hidden;height:0;width:0;\">\r\n<label>Order Number<\/label><input type=\"text\" name=\"order_number\" value=\"\" autocomplete=\"off\">\r\n<\/div><div id=\"CF5c1e9644a1790_1-row-1\"  class=\"row  single\"><div  class=\"col-sm-12  single\"><div data-field-wrapper=\"fld_135298\" class=\"form-group\" id=\"fld_135298_1-wrap\">\r\n\t<label id=\"fld_135298Label\" for=\"fld_135298_1\" class=\"control-label screen-reader-text sr-only\">Nombre<\/label>\r\n\t<div class=\"\">\r\n\t\t<input placeholder=\"Nombre\"  required type=\"text\" data-field=\"fld_135298\" class=\" form-control\" id=\"fld_135298_1\" name=\"fld_135298\" value=\"\" data-type=\"text\" aria-required=\"true\"   aria-labelledby=\"fld_135298Label\" >\t\t\t<\/div>\r\n<\/div>\r\n<div data-field-wrapper=\"fld_2850282\" class=\"form-group\" id=\"fld_2850282_1-wrap\">\r\n\t<label id=\"fld_2850282Label\" for=\"fld_2850282_1\" class=\"control-label screen-reader-text sr-only\">Tel\u00e9fono<\/label>\r\n\t<div class=\"\">\r\n\t\t<input placeholder=\"Tel\u00e9fono\" data-inputmask=\"'mask': '999-99999'\"  required type=\"phone\" data-field=\"fld_2850282\" class=\" form-control\" id=\"fld_2850282_1\" name=\"fld_2850282\" value=\"\" data-type=\"phone\" aria-required=\"true\"   aria-labelledby=\"fld_2850282Label\" >\t\t\t<\/div>\r\n<\/div>\r\n<div data-field-wrapper=\"fld_855093\" class=\"form-group\" id=\"fld_855093_1-wrap\">\r\n\t<label id=\"fld_855093Label\" for=\"fld_855093_1\" class=\"control-label screen-reader-text sr-only\">Mail<\/label>\r\n\t<div class=\"\">\r\n\t\t<input placeholder=\"Mail\"  required type=\"email\" data-field=\"fld_855093\" class=\" form-control\" id=\"fld_855093_1\" name=\"fld_855093\" value=\"\" data-type=\"email\" aria-required=\"true\"   aria-labelledby=\"fld_855093Label\" >\t\t\t<\/div>\r\n<\/div>\r\n<div data-field-wrapper=\"fld_8010539\" class=\"form-group\" id=\"fld_8010539_1-wrap\">\r\n\t<label id=\"fld_8010539Label\" for=\"fld_8010539_1\" class=\"control-label\">Ciudad <span aria-hidden=\"true\" role=\"presentation\" class=\"field_required\" style=\"color:#ee0000;\">*<\/span><\/label>\r\n\t<div class=\"\">\r\n\t\t<select name=\"fld_8010539\" value=\"opt862477\" data-field=\"fld_8010539\" class=\"form-control\" id=\"fld_8010539_1\"  required=\"required\"  aria-labelledby=\"fld_8010539Label\" >\r\n\t\t\t\t\t\t\t<option value=\"LA PAZ\" selected=\"selected\" data-calc-value=\"LA PAZ\" >\r\n\t\t\t\t\t\tLA PAZ\t\t\t\t\t<\/option>\r\n\t\t\t\t\t\t\t\t\t\t<option value=\"COCHABAMBA\"  data-calc-value=\"COCHABAMBA\" >\r\n\t\t\t\t\t\tCOCHABAMBA\t\t\t\t\t<\/option>\r\n\t\t\t\t\t\t\t\t\t\t<option value=\"SUCRE\"  data-calc-value=\"SUCRE\" >\r\n\t\t\t\t\t\tSUCRE\t\t\t\t\t<\/option>\r\n\t\t\t\t\t\t\t\t\t\t<option value=\"TARIJA\"  data-calc-value=\"TARIJA\" >\r\n\t\t\t\t\t\tTARIJA\t\t\t\t\t<\/option>\r\n\t\t\t\t\t\t\t\t\t\t<option value=\"SANTA CRUZ\"  data-calc-value=\"SANTA CRUZ\" >\r\n\t\t\t\t\t\tSANTA CRUZ\t\t\t\t\t<\/option>\r\n\t\t\t\t\t\t\t\t\t\t<option value=\"BENI\"  data-calc-value=\"BENI\" >\r\n\t\t\t\t\t\tBENI\t\t\t\t\t<\/option>\r\n\t\t\t\t\t\t\t\t\t\t<option value=\"PANDO\"  data-calc-value=\"PANDO\" >\r\n\t\t\t\t\t\tPANDO\t\t\t\t\t<\/option>\r\n\t\t\t\t\t\t\t\t\t\t<option value=\"ORURO\"  data-calc-value=\"ORURO\" >\r\n\t\t\t\t\t\tORURO\t\t\t\t\t<\/option>\r\n\t\t\t\t\t\t\t\t\t\t<option value=\"POTOSI\"  data-calc-value=\"POTOSI\" >\r\n\t\t\t\t\t\tPOTOSI\t\t\t\t\t<\/option>\r\n\t\t\t\t\t\t\t<\/select>\r\n\t\t\t<\/div>\r\n<\/div>\r\n<div data-field-wrapper=\"fld_3094211\" class=\"form-group\" id=\"fld_3094211_1-wrap\">\r\n\t<label id=\"fld_3094211Label\" for=\"fld_3094211_1\" class=\"control-label screen-reader-text sr-only\">Deje su mensaje o sugerencia<\/label>\r\n\t<div class=\"\">\r\n\t\t<textarea name=\"fld_3094211\" value=\"\" data-field=\"fld_3094211\" class=\"form-control\" id=\"fld_3094211_1\" rows=\"5\"  required=\"required\"  aria-labelledby=\"fld_3094211Label\" ><\/textarea>\r\n\t\t\t<\/div>\r\n<\/div>\r\n<div data-field-wrapper=\"fld_621138\" class=\"form-group\" id=\"fld_621138_1-wrap\">\r\n<div class=\"\">\r\n\t<input  class=\"btn btn-default\" type=\"submit\" name=\"fld_621138\" id=\"fld_621138_1\" value=\"Enviar Formulario\" data-field=\"fld_621138\"  >\r\n<\/div>\r\n<\/div>\r\n\t<input class=\"button_trigger_1\" type=\"hidden\" name=\"fld_621138\" id=\"fld_621138_1_btn\" value=\"\" data-field=\"fld_621138\"  \/>\r\n<\/div><\/div><\/form>\r\n<\/div>\r\n\n<\/div>\n<p><img loading=\"lazy\" decoding=\"async\" class=\"alignnone size-full wp-image-1179\" src=\"https:\/\/fullseguridad.com\/wp-content\/uploads\/2019\/01\/Nuestras-sucursales.jpg\" alt=\"\" width=\"1772\" height=\"140\" srcset=\"https:\/\/fullseguridad.com\/wp-content\/uploads\/2019\/01\/Nuestras-sucursales.jpg 1772w, https:\/\/fullseguridad.com\/wp-content\/uploads\/2019\/01\/Nuestras-sucursales-300x24.jpg 300w, https:\/\/fullseguridad.com\/wp-content\/uploads\/2019\/01\/Nuestras-sucursales-768x61.jpg 768w, https:\/\/fullseguridad.com\/wp-content\/uploads\/2019\/01\/Nuestras-sucursales-1024x81.jpg 1024w\" sizes=\"auto, (max-width: 1772px) 100vw, 1772px\" \/><\/p>\n<p><img loading=\"lazy\" decoding=\"async\" class=\"aligncenter size-medium\" src=\"https:\/\/fullseguridad.com\/wp-content\/uploads\/2026\/03\/sucursales-editable_2026.jpg\" width=\"1720\" height=\"2008\" \/><\/p>\n","protected":false},"excerpt":{"rendered":"<p>\u00bfC\u00f3mo podemos ayudarlo? Complete el formulario que se encuentra a continuaci\u00f3n y le responderemos a la brevedad. Tambi\u00e9n puede contactarnos a los tel\u00e9fonos correspondientes seg\u00fan su localidad.<\/p>\n","protected":false},"author":1,"featured_media":0,"parent":0,"menu_order":0,"comment_status":"closed","ping_status":"closed","template":"template-fullwidth-no-title.php","meta":{"footnotes":""},"class_list":["post-47","page","type-page","status-publish","hentry"],"yoast_head":"<!-- This site is optimized with the Yoast SEO plugin v24.9 - https:\/\/yoast.com\/wordpress\/plugins\/seo\/ -->\n<title>Contactos - Full Seguridad<\/title>\n<meta name=\"robots\" content=\"index, follow, max-snippet:-1, max-image-preview:large, max-video-preview:-1\" \/>\n<link rel=\"canonical\" href=\"https:\/\/fullseguridad.com\/?page_id=47\" \/>\n<meta property=\"og:locale\" content=\"es_ES\" \/>\n<meta property=\"og:type\" content=\"article\" \/>\n<meta property=\"og:title\" content=\"Contactos - Full Seguridad\" \/>\n<meta property=\"og:description\" content=\"\u00bfC\u00f3mo podemos ayudarlo? Complete el formulario que se encuentra a continuaci\u00f3n y le responderemos a la brevedad. Tambi\u00e9n puede contactarnos a los tel\u00e9fonos correspondientes seg\u00fan su localidad.\" \/>\n<meta property=\"og:url\" content=\"https:\/\/fullseguridad.com\/?page_id=47\" \/>\n<meta property=\"og:site_name\" content=\"Full Seguridad\" \/>\n<meta property=\"article:publisher\" content=\"https:\/\/www.facebook.com\/FSBolivia\" \/>\n<meta property=\"article:modified_time\" content=\"2026-03-03T19:14:02+00:00\" \/>\n<meta property=\"og:image\" content=\"https:\/\/fullseguridad.com\/wp-content\/uploads\/2019\/01\/Contactanos-1.jpg\" \/>\n\t<meta property=\"og:image:width\" content=\"1772\" \/>\n\t<meta property=\"og:image:height\" content=\"500\" \/>\n\t<meta property=\"og:image:type\" content=\"image\/jpeg\" \/>\n<meta name=\"twitter:card\" content=\"summary_large_image\" \/>\n<meta name=\"twitter:label1\" content=\"Tiempo de lectura\" \/>\n\t<meta name=\"twitter:data1\" content=\"1 minuto\" \/>\n<script type=\"application\/ld+json\" class=\"yoast-schema-graph\">{\"@context\":\"https:\/\/schema.org\",\"@graph\":[{\"@type\":\"WebPage\",\"@id\":\"https:\/\/fullseguridad.com\/?page_id=47\",\"url\":\"https:\/\/fullseguridad.com\/?page_id=47\",\"name\":\"Contactos - Full Seguridad\",\"isPartOf\":{\"@id\":\"https:\/\/fullseguridad.com\/#website\"},\"primaryImageOfPage\":{\"@id\":\"https:\/\/fullseguridad.com\/?page_id=47#primaryimage\"},\"image\":{\"@id\":\"https:\/\/fullseguridad.com\/?page_id=47#primaryimage\"},\"thumbnailUrl\":\"https:\/\/fullseguridad.com\/wp-content\/uploads\/2019\/01\/Contactanos-1.jpg\",\"datePublished\":\"2017-06-20T22:33:46+00:00\",\"dateModified\":\"2026-03-03T19:14:02+00:00\",\"breadcrumb\":{\"@id\":\"https:\/\/fullseguridad.com\/?page_id=47#breadcrumb\"},\"inLanguage\":\"es\",\"potentialAction\":[{\"@type\":\"ReadAction\",\"target\":[\"https:\/\/fullseguridad.com\/?page_id=47\"]}]},{\"@type\":\"ImageObject\",\"inLanguage\":\"es\",\"@id\":\"https:\/\/fullseguridad.com\/?page_id=47#primaryimage\",\"url\":\"https:\/\/fullseguridad.com\/wp-content\/uploads\/2019\/01\/Contactanos-1.jpg\",\"contentUrl\":\"https:\/\/fullseguridad.com\/wp-content\/uploads\/2019\/01\/Contactanos-1.jpg\",\"width\":1772,\"height\":500},{\"@type\":\"BreadcrumbList\",\"@id\":\"https:\/\/fullseguridad.com\/?page_id=47#breadcrumb\",\"itemListElement\":[{\"@type\":\"ListItem\",\"position\":1,\"name\":\"Portada\",\"item\":\"https:\/\/fullseguridad.com\/\"},{\"@type\":\"ListItem\",\"position\":2,\"name\":\"Contactos\"}]},{\"@type\":\"WebSite\",\"@id\":\"https:\/\/fullseguridad.com\/#website\",\"url\":\"https:\/\/fullseguridad.com\/\",\"name\":\"Full Seguridad\",\"description\":\"Seguridad Electronica\",\"publisher\":{\"@id\":\"https:\/\/fullseguridad.com\/#organization\"},\"potentialAction\":[{\"@type\":\"SearchAction\",\"target\":{\"@type\":\"EntryPoint\",\"urlTemplate\":\"https:\/\/fullseguridad.com\/?s={search_term_string}\"},\"query-input\":{\"@type\":\"PropertyValueSpecification\",\"valueRequired\":true,\"valueName\":\"search_term_string\"}}],\"inLanguage\":\"es\"},{\"@type\":\"Organization\",\"@id\":\"https:\/\/fullseguridad.com\/#organization\",\"name\":\"Full Seguridad\",\"url\":\"https:\/\/fullseguridad.com\/\",\"logo\":{\"@type\":\"ImageObject\",\"inLanguage\":\"es\",\"@id\":\"https:\/\/fullseguridad.com\/#\/schema\/logo\/image\/\",\"url\":\"https:\/\/fullseguridad.com\/wp-content\/uploads\/2019\/08\/FOTO-DE-PERFIL-copia.jpg\",\"contentUrl\":\"https:\/\/fullseguridad.com\/wp-content\/uploads\/2019\/08\/FOTO-DE-PERFIL-copia.jpg\",\"width\":918,\"height\":918,\"caption\":\"Full Seguridad\"},\"image\":{\"@id\":\"https:\/\/fullseguridad.com\/#\/schema\/logo\/image\/\"},\"sameAs\":[\"https:\/\/www.facebook.com\/FSBolivia\",\"https:\/\/www.youtube.com\/channel\/UCCrGEVAqhXOsmuL7jgw-XZg\"]}]}<\/script>\n<!-- \/ Yoast SEO plugin. -->","yoast_head_json":{"title":"Contactos - Full Seguridad","robots":{"index":"index","follow":"follow","max-snippet":"max-snippet:-1","max-image-preview":"max-image-preview:large","max-video-preview":"max-video-preview:-1"},"canonical":"https:\/\/fullseguridad.com\/?page_id=47","og_locale":"es_ES","og_type":"article","og_title":"Contactos - Full Seguridad","og_description":"\u00bfC\u00f3mo podemos ayudarlo? Complete el formulario que se encuentra a continuaci\u00f3n y le responderemos a la brevedad. Tambi\u00e9n puede contactarnos a los tel\u00e9fonos correspondientes seg\u00fan su localidad.","og_url":"https:\/\/fullseguridad.com\/?page_id=47","og_site_name":"Full Seguridad","article_publisher":"https:\/\/www.facebook.com\/FSBolivia","article_modified_time":"2026-03-03T19:14:02+00:00","og_image":[{"width":1772,"height":500,"url":"https:\/\/fullseguridad.com\/wp-content\/uploads\/2019\/01\/Contactanos-1.jpg","type":"image\/jpeg"}],"twitter_card":"summary_large_image","twitter_misc":{"Tiempo de lectura":"1 minuto"},"schema":{"@context":"https:\/\/schema.org","@graph":[{"@type":"WebPage","@id":"https:\/\/fullseguridad.com\/?page_id=47","url":"https:\/\/fullseguridad.com\/?page_id=47","name":"Contactos - Full Seguridad","isPartOf":{"@id":"https:\/\/fullseguridad.com\/#website"},"primaryImageOfPage":{"@id":"https:\/\/fullseguridad.com\/?page_id=47#primaryimage"},"image":{"@id":"https:\/\/fullseguridad.com\/?page_id=47#primaryimage"},"thumbnailUrl":"https:\/\/fullseguridad.com\/wp-content\/uploads\/2019\/01\/Contactanos-1.jpg","datePublished":"2017-06-20T22:33:46+00:00","dateModified":"2026-03-03T19:14:02+00:00","breadcrumb":{"@id":"https:\/\/fullseguridad.com\/?page_id=47#breadcrumb"},"inLanguage":"es","potentialAction":[{"@type":"ReadAction","target":["https:\/\/fullseguridad.com\/?page_id=47"]}]},{"@type":"ImageObject","inLanguage":"es","@id":"https:\/\/fullseguridad.com\/?page_id=47#primaryimage","url":"https:\/\/fullseguridad.com\/wp-content\/uploads\/2019\/01\/Contactanos-1.jpg","contentUrl":"https:\/\/fullseguridad.com\/wp-content\/uploads\/2019\/01\/Contactanos-1.jpg","width":1772,"height":500},{"@type":"BreadcrumbList","@id":"https:\/\/fullseguridad.com\/?page_id=47#breadcrumb","itemListElement":[{"@type":"ListItem","position":1,"name":"Portada","item":"https:\/\/fullseguridad.com\/"},{"@type":"ListItem","position":2,"name":"Contactos"}]},{"@type":"WebSite","@id":"https:\/\/fullseguridad.com\/#website","url":"https:\/\/fullseguridad.com\/","name":"Full Seguridad","description":"Seguridad Electronica","publisher":{"@id":"https:\/\/fullseguridad.com\/#organization"},"potentialAction":[{"@type":"SearchAction","target":{"@type":"EntryPoint","urlTemplate":"https:\/\/fullseguridad.com\/?s={search_term_string}"},"query-input":{"@type":"PropertyValueSpecification","valueRequired":true,"valueName":"search_term_string"}}],"inLanguage":"es"},{"@type":"Organization","@id":"https:\/\/fullseguridad.com\/#organization","name":"Full Seguridad","url":"https:\/\/fullseguridad.com\/","logo":{"@type":"ImageObject","inLanguage":"es","@id":"https:\/\/fullseguridad.com\/#\/schema\/logo\/image\/","url":"https:\/\/fullseguridad.com\/wp-content\/uploads\/2019\/08\/FOTO-DE-PERFIL-copia.jpg","contentUrl":"https:\/\/fullseguridad.com\/wp-content\/uploads\/2019\/08\/FOTO-DE-PERFIL-copia.jpg","width":918,"height":918,"caption":"Full Seguridad"},"image":{"@id":"https:\/\/fullseguridad.com\/#\/schema\/logo\/image\/"},"sameAs":["https:\/\/www.facebook.com\/FSBolivia","https:\/\/www.youtube.com\/channel\/UCCrGEVAqhXOsmuL7jgw-XZg"]}]}},"_links":{"self":[{"href":"https:\/\/fullseguridad.com\/index.php?rest_route=\/wp\/v2\/pages\/47","targetHints":{"allow":["GET"]}}],"collection":[{"href":"https:\/\/fullseguridad.com\/index.php?rest_route=\/wp\/v2\/pages"}],"about":[{"href":"https:\/\/fullseguridad.com\/index.php?rest_route=\/wp\/v2\/types\/page"}],"author":[{"embeddable":true,"href":"https:\/\/fullseguridad.com\/index.php?rest_route=\/wp\/v2\/users\/1"}],"replies":[{"embeddable":true,"href":"https:\/\/fullseguridad.com\/index.php?rest_route=%2Fwp%2Fv2%2Fcomments&post=47"}],"version-history":[{"count":64,"href":"https:\/\/fullseguridad.com\/index.php?rest_route=\/wp\/v2\/pages\/47\/revisions"}],"predecessor-version":[{"id":1417,"href":"https:\/\/fullseguridad.com\/index.php?rest_route=\/wp\/v2\/pages\/47\/revisions\/1417"}],"wp:attachment":[{"href":"https:\/\/fullseguridad.com\/index.php?rest_route=%2Fwp%2Fv2%2Fmedia&parent=47"}],"curies":[{"name":"wp","href":"https:\/\/api.w.org\/{rel}","templated":true}]}}